{"id":96,"date":"2016-01-14T18:36:08","date_gmt":"2016-01-14T18:36:08","guid":{"rendered":"http:\/\/soccer-family.de\/?page_id=96"},"modified":"2017-12-13T12:14:06","modified_gmt":"2017-12-13T12:14:06","slug":"anmeldeformular","status":"publish","type":"page","link":"http:\/\/soccer-family.de\/?page_id=96","title":{"rendered":"Anmeldeformular"},"content":{"rendered":"\n<div class=\"wpcf7 no-js\" id=\"wpcf7-f95-o1\" lang=\"de-DE\" dir=\"ltr\" data-wpcf7-id=\"95\">\n<div class=\"screen-reader-response\"><p role=\"status\" aria-live=\"polite\" aria-atomic=\"true\"><\/p> <ul><\/ul><\/div>\n<form action=\"\/index.php?rest_route=%2Fwp%2Fv2%2Fpages%2F96#wpcf7-f95-o1\" method=\"post\" class=\"wpcf7-form init\" aria-label=\"Kontaktformular\" novalidate=\"novalidate\" data-status=\"init\">\n<fieldset class=\"hidden-fields-container\"><input type=\"hidden\" name=\"_wpcf7\" value=\"95\" \/><input type=\"hidden\" name=\"_wpcf7_version\" value=\"6.1.5\" \/><input type=\"hidden\" name=\"_wpcf7_locale\" value=\"de_DE\" \/><input type=\"hidden\" name=\"_wpcf7_unit_tag\" value=\"wpcf7-f95-o1\" \/><input type=\"hidden\" name=\"_wpcf7_container_post\" value=\"0\" \/><input type=\"hidden\" name=\"_wpcf7_posted_data_hash\" value=\"\" \/>\n<\/fieldset>\n<p>Vorname Teilnehmer\n<\/p>\n<p><span class=\"wpcf7-form-control-wrap\" data-name=\"your-name\"><input size=\"40\" maxlength=\"400\" class=\"wpcf7-form-control wpcf7-text wpcf7-validates-as-required\" aria-required=\"true\" aria-invalid=\"false\" value=\"\" type=\"text\" name=\"your-name\" \/><\/span>\n<\/p>\n<p>Nachname Teilnehmer\n<\/p>\n<p><span class=\"wpcf7-form-control-wrap\" data-name=\"your-name2\"><input size=\"40\" maxlength=\"400\" class=\"wpcf7-form-control wpcf7-text wpcf7-validates-as-required\" aria-required=\"true\" aria-invalid=\"false\" value=\"\" type=\"text\" name=\"your-name2\" \/><\/span>\n<\/p>\n<p>Camp\n<\/p>\n<p><span class=\"wpcf7-form-control-wrap\" data-name=\"menu-695\"><select class=\"wpcf7-form-control wpcf7-select\" aria-invalid=\"false\" name=\"menu-695\"><option value=\"Sommercamp beim ASV Kiefersfelden (27.07. - 31.07.2020)\">Sommercamp beim ASV Kiefersfelden (27.07. - 31.07.2020)<\/option><\/select><\/span>\n<\/p>\n<p>Geburtsdatum Teilnehmer\n<\/p>\n<p><span class=\"wpcf7-form-control-wrap\" data-name=\"text-111\"><input size=\"40\" maxlength=\"400\" class=\"wpcf7-form-control wpcf7-text\" aria-invalid=\"false\" value=\"\" type=\"text\" name=\"text-111\" \/><\/span>\n<\/p>\n<p>Geschlecht\n<\/p>\n<p><span class=\"wpcf7-form-control-wrap\" data-name=\"Geschlecht\"><select class=\"wpcf7-form-control wpcf7-select\" aria-invalid=\"false\" name=\"Geschlecht\"><option value=\"M\u00e4nnlich\">M\u00e4nnlich<\/option><option value=\"Weiblich\">Weiblich<\/option><\/select><\/span>\n<\/p>\n<p>Konfektionsgr\u00f6\u00dfe\n<\/p>\n<p><span class=\"wpcf7-form-control-wrap\" data-name=\"Gre\"><select class=\"wpcf7-form-control wpcf7-select\" aria-invalid=\"false\" name=\"Gre\"><option value=\"116\">116<\/option><option value=\"128\">128<\/option><option value=\"140\">140<\/option><option value=\"152\">152<\/option><option value=\"164\">164<\/option><option value=\"S\">S<\/option><option value=\"M\">M<\/option><option value=\"L\">L<\/option><option value=\"XL\">XL<\/option><\/select><\/span>\n<\/p>\n<p><span class=\"wpcf7-form-control-wrap\" data-name=\"BeflockungaufTrikot\"><span class=\"wpcf7-form-control wpcf7-checkbox\"><span class=\"wpcf7-list-item first last\"><input type=\"checkbox\" name=\"BeflockungaufTrikot[]\" value=\"Wunschflock auf Trikot (optional, zzgl. 14,99 \u20ac)\" \/><span class=\"wpcf7-list-item-label\">Wunschflock auf Trikot (optional, zzgl. 14,99 \u20ac)<\/span><\/span><\/span><\/span>\n<\/p>\n<p>Wunschbeflockung\n<\/p>\n<p><span class=\"wpcf7-form-control-wrap\" data-name=\"your-flock\"><input size=\"40\" maxlength=\"400\" class=\"wpcf7-form-control wpcf7-text\" aria-invalid=\"false\" value=\"\" type=\"text\" name=\"your-flock\" \/><\/span>\n<\/p>\n<p><span class=\"wpcf7-form-control-wrap\" data-name=\"Ball\"><span class=\"wpcf7-form-control wpcf7-checkbox\"><span class=\"wpcf7-list-item first last\"><input type=\"checkbox\" name=\"Ball[]\" value=\"Fu\u00dfball (optional, zzgl. 19,99 \u20ac)\" \/><span class=\"wpcf7-list-item-label\">Fu\u00dfball (optional, zzgl. 19,99 \u20ac)<\/span><\/span><\/span><\/span>\n<\/p>\n<p><span class=\"wpcf7-form-control-wrap\" data-name=\"checkbox-586\"><span class=\"wpcf7-form-control wpcf7-checkbox\"><span class=\"wpcf7-list-item first last\"><input type=\"checkbox\" name=\"checkbox-586[]\" value=\"Rucksack mit Initialien (optional, zzgl. 29,99 \u20ac)\" \/><span class=\"wpcf7-list-item-label\">Rucksack mit Initialien (optional, zzgl. 29,99 \u20ac)<\/span><\/span><\/span><\/span>\n<\/p>\n<p>Zusatzleistungen sind als Gesamtbetrag zu Beginn des Camps in bar zu bezahlen.\n<\/p>\n<p>Aktueller Verein\n<\/p>\n<p><span class=\"wpcf7-form-control-wrap\" data-name=\"text-104\"><input size=\"40\" maxlength=\"400\" class=\"wpcf7-form-control wpcf7-text\" aria-invalid=\"false\" value=\"\" type=\"text\" name=\"text-104\" \/><\/span>\n<\/p>\n<p>Adresse\n<\/p>\n<p><span class=\"wpcf7-form-control-wrap\" data-name=\"text-105\"><input size=\"40\" maxlength=\"400\" class=\"wpcf7-form-control wpcf7-text\" aria-invalid=\"false\" value=\"\" type=\"text\" name=\"text-105\" \/><\/span>\n<\/p>\n<p>Postleitzahl\n<\/p>\n<p><span class=\"wpcf7-form-control-wrap\" data-name=\"text-106\"><input size=\"40\" maxlength=\"400\" class=\"wpcf7-form-control wpcf7-text\" aria-invalid=\"false\" value=\"\" type=\"text\" name=\"text-106\" \/><\/span>\n<\/p>\n<p>Ort\n<\/p>\n<p><span class=\"wpcf7-form-control-wrap\" data-name=\"text-107\"><input size=\"40\" maxlength=\"400\" class=\"wpcf7-form-control wpcf7-text\" aria-invalid=\"false\" value=\"\" type=\"text\" name=\"text-107\" \/><\/span>\n<\/p>\n<p>E-Mail-Adresse\n<\/p>\n<p><span class=\"wpcf7-form-control-wrap\" data-name=\"your-email\"><input size=\"40\" maxlength=\"400\" class=\"wpcf7-form-control wpcf7-email wpcf7-validates-as-required wpcf7-text wpcf7-validates-as-email\" aria-required=\"true\" aria-invalid=\"false\" value=\"\" type=\"email\" name=\"your-email\" \/><\/span>\n<\/p>\n<p>Telefonnummer\n<\/p>\n<p><span class=\"wpcf7-form-control-wrap\" data-name=\"text-108\"><input size=\"40\" maxlength=\"400\" class=\"wpcf7-form-control wpcf7-text\" aria-invalid=\"false\" value=\"\" type=\"text\" name=\"text-108\" \/><\/span>\n<\/p>\n<p>Handynummer\n<\/p>\n<p><span class=\"wpcf7-form-control-wrap\" data-name=\"text-109\"><input size=\"40\" maxlength=\"400\" class=\"wpcf7-form-control wpcf7-text\" aria-invalid=\"false\" value=\"\" type=\"text\" name=\"text-109\" \/><\/span>\n<\/p>\n<p>Kontaktperson\/Elternteil\n<\/p>\n<p><span class=\"wpcf7-form-control-wrap\" data-name=\"text-110\"><input size=\"40\" maxlength=\"400\" class=\"wpcf7-form-control wpcf7-text\" aria-invalid=\"false\" value=\"\" type=\"text\" name=\"text-110\" \/><\/span>\n<\/p>\n<p>Erkrankungen (Allergien, Asthma, Nahrungsunvertr\u00e4glichkeit)\n<\/p>\n<p><span class=\"wpcf7-form-control-wrap\" data-name=\"text-549\"><input size=\"40\" maxlength=\"400\" class=\"wpcf7-form-control wpcf7-text\" aria-invalid=\"false\" value=\"\" type=\"text\" name=\"text-549\" \/><\/span>\n<\/p>\n<p><span class=\"wpcf7-form-control-wrap\" data-name=\"AGB\"><span class=\"wpcf7-form-control wpcf7-checkbox wpcf7-validates-as-required\"><span class=\"wpcf7-list-item first last\"><input type=\"checkbox\" name=\"AGB[]\" value=\"Ich habe die AGB gelesen und akzeptiere diese\" \/><span class=\"wpcf7-list-item-label\">Ich habe die AGB gelesen und akzeptiere diese<\/span><\/span><\/span><\/span>\n<\/p>\n<p><input class=\"wpcf7-form-control wpcf7-submit has-spinner\" type=\"submit\" value=\"Senden\" \/>\n<\/p><div class=\"wpcf7-response-output\" aria-hidden=\"true\"><\/div>\n<\/form>\n<\/div>\n\n<p>Ihre Anmeldung, bzw. ihre Buchung ist erst nach Eingabe aller Daten, dem Akzeptieren der AGB \u00a0und <strong>dem Abschluss des Bezahlvorgangs<\/strong> g\u00fcltig. Anschlie\u00dfend bekommen Sie von uns eine Buchungsbest\u00e4tigung per Email mit der wir die Teilnahme Ihres Kindes gem\u00e4\u00df den Richtlinien unserer AGB gew\u00e4hrleisten.<\/p>\n<h1><a href=\"http:\/\/www.spvggunterhaching.de\/junioren\/nlz\/news\/\">\u00bb H<\/a><a href=\"http:\/\/soccer-family.de\/?post_type=product\" target=\"_blank\">ier geht&#8217;s zum Bezahlvorgang \/ Bezahlsystem<\/a><\/h1>\n<p>&nbsp;<\/p>\n","protected":false},"excerpt":{"rendered":"<p>Ihre Anmeldung, bzw. ihre Buchung ist erst nach Eingabe aller Daten, dem Akzeptieren der AGB \u00a0und dem Abschluss des Bezahlvorgangs g\u00fcltig. Anschlie\u00dfend bekommen Sie von uns eine Buchungsbest\u00e4tigung per Email mit der wir die Teilnahme Ihres Kindes gem\u00e4\u00df den Richtlinien unserer AGB gew\u00e4hrleisten. \u00bb Hier geht&#8217;s zum Bezahlvorgang \/ Bezahlsystem&#8230;<\/p>\n","protected":false},"author":1,"featured_media":0,"parent":0,"menu_order":0,"comment_status":"closed","ping_status":"closed","template":"","meta":{"footnotes":""},"class_list":["post-96","page","type-page","status-publish","hentry"],"_links":{"self":[{"href":"http:\/\/soccer-family.de\/index.php?rest_route=\/wp\/v2\/pages\/96","targetHints":{"allow":["GET"]}}],"collection":[{"href":"http:\/\/soccer-family.de\/index.php?rest_route=\/wp\/v2\/pages"}],"about":[{"href":"http:\/\/soccer-family.de\/index.php?rest_route=\/wp\/v2\/types\/page"}],"author":[{"embeddable":true,"href":"http:\/\/soccer-family.de\/index.php?rest_route=\/wp\/v2\/users\/1"}],"replies":[{"embeddable":true,"href":"http:\/\/soccer-family.de\/index.php?rest_route=%2Fwp%2Fv2%2Fcomments&post=96"}],"version-history":[{"count":8,"href":"http:\/\/soccer-family.de\/index.php?rest_route=\/wp\/v2\/pages\/96\/revisions"}],"predecessor-version":[{"id":202,"href":"http:\/\/soccer-family.de\/index.php?rest_route=\/wp\/v2\/pages\/96\/revisions\/202"}],"wp:attachment":[{"href":"http:\/\/soccer-family.de\/index.php?rest_route=%2Fwp%2Fv2%2Fmedia&parent=96"}],"curies":[{"name":"wp","href":"https:\/\/api.w.org\/{rel}","templated":true}]}}