{"id":7,"date":"2016-01-07T18:31:11","date_gmt":"2016-01-07T18:31:11","guid":{"rendered":"http:\/\/soccer-family.de\/?page_id=7"},"modified":"2019-12-04T09:10:44","modified_gmt":"2019-12-04T09:10:44","slug":"fussballcamps","status":"publish","type":"page","link":"http:\/\/soccer-family.de\/?page_id=7","title":{"rendered":"Fu\u00dfballcamps"},"content":{"rendered":"<p>Die Soccer Family veranstaltet Fu\u00dfballcamps f\u00fcr 4- bis 16-j\u00e4hrige Kinder und Jugendliche. Abh\u00e4ngig vom Altersbereich und vom\u00a0Leistungsstand unterscheiden wir die entsprechenden Trainingsprogramme f\u00fcr unsere Fu\u00dfballcamps.<\/p>\n<p><strong>Kids Level: 4 bis 6 Jahre<\/strong><br \/>\nDas ist die Ballschule innerhalb unserer Feriencamps. Soziales Lernen, Fairness, pers\u00f6nliche Erfolgserlebnisse und Teamgeist werden genauso erlebt wie \u00fcbergreifende Sportspielerfahrung aus unterschiedlichen Sportarten, prim\u00e4r dem Fu\u00dfball.<\/p>\n<p><strong>Junior Level: 7 bis 10 Jahre<\/strong><br \/>\nDas Kindertraining orientiert sich an der fu\u00dfballerischen Grundausbildung und setzt technische, koordinative und spielerische Trainingsschwerpunkte.<\/p>\n<p><strong>Top Level: 11 bis 14 Jahre<\/strong><br \/>\n\u201cTrainieren wie im Nachwuchsleistungszentrum\u201d &#8211; unter diesem Motto steht das Jugendtraining in unseren Fu\u00dfballcamps. Selbstverst\u00e4ndlich achten wir auch darauf, ein ambitioniertes Training anzubieten ohne den Einzelnen dabei zu \u00fcberfordern.<\/p>\n<p>Unsere Leistungen sind:<\/p>\n<ul>\n<li>t\u00e4glich zwei Trainingseinheiten<\/li>\n<\/ul>\n<ul>\n<li style=\"text-align: left;\">Mini-WM und Champions-League-Turnier<\/li>\n<\/ul>\n<ul>\n<li>Ausr\u00fcstungspaket:<\/li>\n<\/ul>\n<p style=\"text-align: left;\">1 Trikot-Garnitur mit Trikot, Hose und Stutzen<br \/>\n<strong>Optional (gegen Aufpreis)<\/strong>: 1 Ball, individuelle Gestaltung des Trikots (Name\/Nummer), Rucksack mit Initialen (Optionen k\u00f6nnen bei der Anmeldung, bzw. Bezahlung gew\u00e4hlt werden)<\/p>\n<ul>\n<li>Mittagessen (warme, kindgerechte Speisen und Getr\u00e4nke) mit Mittagsbetreuung<\/li>\n<\/ul>\n<ul>\n<li>Fr\u00fchbetreuungsangebot \u00a0ab 8.30 Uhr (gegen Aufpreis)<\/li>\n<\/ul>\n<ul>\n<li>Snacks sowie Getr\u00e4nke w\u00e4hrend der Trainingseinheiten<\/li>\n<\/ul>\n<ul>\n<li>Urkunde und Preise<\/li>\n<\/ul>\n<h1><a href=\"http:\/\/www.spvggunterhaching.de\/junioren\/nlz\/news\/\"> \u00bb <\/a><a href=\"http:\/\/soccer-family.de\/?page_id=96\">Hier geht es zur Anmeldung<\/a><\/h1>\n<h1><a href=\"http:\/\/www.spvggunterhaching.de\/junioren\/nlz\/news\/\"> \u00bb <\/a><a href=\"http:\/\/soccer-family.de\/?post_type=product\" target=\"_blank\">Hier geht es zum Shop<\/a><\/h1>\n<p><a href=\"http:\/\/fr-management.de\/wp-content\/uploads\/2015\/11\/cropped-logoneu.jpg\"><img loading=\"lazy\" decoding=\"async\" class=\"alignleft size-full wp-image-19\" src=\"http:\/\/fr-management.de\/wp-content\/uploads\/2015\/11\/cropped-logoneu.jpg\" alt=\"cropped-logoneu.jpg\" width=\"1260\" height=\"171\" \/><\/a><\/p>\n","protected":false},"excerpt":{"rendered":"<p>Die Soccer Family veranstaltet Fu\u00dfballcamps f\u00fcr 4- bis 16-j\u00e4hrige Kinder und Jugendliche. Abh\u00e4ngig vom Altersbereich und vom\u00a0Leistungsstand unterscheiden wir die entsprechenden Trainingsprogramme f\u00fcr unsere Fu\u00dfballcamps. Kids Level: 4 bis 6 Jahre Das ist die Ballschule innerhalb unserer Feriencamps. Soziales Lernen, Fairness, pers\u00f6nliche Erfolgserlebnisse und Teamgeist werden genauso erlebt wie \u00fcbergreifende&#8230;<\/p>\n","protected":false},"author":1,"featured_media":0,"parent":0,"menu_order":0,"comment_status":"closed","ping_status":"closed","template":"","meta":{"footnotes":""},"class_list":["post-7","page","type-page","status-publish","hentry"],"_links":{"self":[{"href":"http:\/\/soccer-family.de\/index.php?rest_route=\/wp\/v2\/pages\/7","targetHints":{"allow":["GET"]}}],"collection":[{"href":"http:\/\/soccer-family.de\/index.php?rest_route=\/wp\/v2\/pages"}],"about":[{"href":"http:\/\/soccer-family.de\/index.php?rest_route=\/wp\/v2\/types\/page"}],"author":[{"embeddable":true,"href":"http:\/\/soccer-family.de\/index.php?rest_route=\/wp\/v2\/users\/1"}],"replies":[{"embeddable":true,"href":"http:\/\/soccer-family.de\/index.php?rest_route=%2Fwp%2Fv2%2Fcomments&post=7"}],"version-history":[{"count":12,"href":"http:\/\/soccer-family.de\/index.php?rest_route=\/wp\/v2\/pages\/7\/revisions"}],"predecessor-version":[{"id":960,"href":"http:\/\/soccer-family.de\/index.php?rest_route=\/wp\/v2\/pages\/7\/revisions\/960"}],"wp:attachment":[{"href":"http:\/\/soccer-family.de\/index.php?rest_route=%2Fwp%2Fv2%2Fmedia&parent=7"}],"curies":[{"name":"wp","href":"https:\/\/api.w.org\/{rel}","templated":true}]}}