{"id":66,"date":"2016-01-13T03:14:38","date_gmt":"2016-01-13T03:14:38","guid":{"rendered":"http:\/\/soccer-family.de\/?page_id=66"},"modified":"2019-12-03T18:11:23","modified_gmt":"2019-12-03T18:11:23","slug":"ueber-uns","status":"publish","type":"page","link":"http:\/\/soccer-family.de\/?page_id=66","title":{"rendered":"\u00dcber uns"},"content":{"rendered":"<p>Die Soccer Family ist &#8222;Die Fu\u00dfballfamile&#8220; und verf\u00fcgt \u00fcber ein gro\u00dfes Netzwerk sowie \u00fcber viele Erfahrungswerte aus dem Jugend- und Profifu\u00dfball. Unser Ziel ist es, eine eigene Idee zu entwickeln und zu leben, die viel Wert auf Nachhaltigkeit und Qualit\u00e4t legt.<\/p>\n<p style=\"text-align: left;\">Nach unserem Start im Januar 2016 ist es uns gelungen, die ersten Projekte mit Erfolg umzusetzen. Kooperationen mit Sozialpartnern und innovative Konzepte spielen dabei eine besondere Rolle. Wir wollen eben keine konventionelle Fu\u00dfballschule sein, sondern unsere Kompetenz und unsere Verbindungen f\u00fcr ganz spezielle und au\u00dfergew\u00f6hnliche Kinder- und Jugendprojekte nutzen.\u00a0Die Soccer Family geh\u00f6rt zur Sportagentur <a href=\"http:\/\/www.fr-management.de\" target=\"_blank\">FR Management<\/a>.<\/p>\n<p>Der Gr\u00fcnder von FR Management und Leiter der Soccer Family ist der Sportmanager <strong>Florian Rensch<\/strong>.\u00a0Er war 18 Jahre lang lizenzierter Erwachsenen- und Jugendtrainer im Grundlagen-, Aufbau- und Leistungsbereich. Seit \u00a0vielen Jahren ist er nun bereits in der Jugendarbeit, der Talentf\u00f6rderung und im Fu\u00dfballmanagement hauptamtlich t\u00e4tig und arbeitet aktuell in der Leitung des DFB-Nachwuchsleistungszentrums der SpVgg Unterhaching<strong>.<\/strong><\/p>\n<p>Aktive oder ehemalige Profifussballer, wie z.B. <strong>Max Nicu<\/strong>, <strong>Sascha Bigalke, Thomas Steinherr <\/strong>und\u00a0<strong> Fabian G\u00f6tze <\/strong>waren in den letzten Jahren genauso Teil des Trainerstabs der Soccer Family wie erfahrene, haupt- und nebenberufliche Jugendtrainer aus DFB-Nachwuchsleistungzentren.<\/p>\n<p><a href=\"http:\/\/www.fr-management.de\" target=\"_blank\"><img decoding=\"async\" src=\"http:\/\/fr-management.de\/wp-content\/uploads\/2015\/11\/cropped-logoneu.jpg\" alt=\"cropped-logoneu.jpg\" \/><\/a><\/p>\n","protected":false},"excerpt":{"rendered":"<p>Die Soccer Family ist &#8222;Die Fu\u00dfballfamile&#8220; und verf\u00fcgt \u00fcber ein gro\u00dfes Netzwerk sowie \u00fcber viele Erfahrungswerte aus dem Jugend- und Profifu\u00dfball. Unser Ziel ist es, eine eigene Idee zu entwickeln und zu leben, die viel Wert auf Nachhaltigkeit und Qualit\u00e4t legt. Nach unserem Start im Januar 2016 ist es uns&#8230;<\/p>\n","protected":false},"author":1,"featured_media":0,"parent":0,"menu_order":0,"comment_status":"closed","ping_status":"closed","template":"","meta":{"footnotes":""},"class_list":["post-66","page","type-page","status-publish","hentry"],"_links":{"self":[{"href":"http:\/\/soccer-family.de\/index.php?rest_route=\/wp\/v2\/pages\/66","targetHints":{"allow":["GET"]}}],"collection":[{"href":"http:\/\/soccer-family.de\/index.php?rest_route=\/wp\/v2\/pages"}],"about":[{"href":"http:\/\/soccer-family.de\/index.php?rest_route=\/wp\/v2\/types\/page"}],"author":[{"embeddable":true,"href":"http:\/\/soccer-family.de\/index.php?rest_route=\/wp\/v2\/users\/1"}],"replies":[{"embeddable":true,"href":"http:\/\/soccer-family.de\/index.php?rest_route=%2Fwp%2Fv2%2Fcomments&post=66"}],"version-history":[{"count":18,"href":"http:\/\/soccer-family.de\/index.php?rest_route=\/wp\/v2\/pages\/66\/revisions"}],"predecessor-version":[{"id":912,"href":"http:\/\/soccer-family.de\/index.php?rest_route=\/wp\/v2\/pages\/66\/revisions\/912"}],"wp:attachment":[{"href":"http:\/\/soccer-family.de\/index.php?rest_route=%2Fwp%2Fv2%2Fmedia&parent=66"}],"curies":[{"name":"wp","href":"https:\/\/api.w.org\/{rel}","templated":true}]}}