{"id":544,"date":"2016-08-06T22:02:17","date_gmt":"2016-08-06T22:02:17","guid":{"rendered":"http:\/\/soccer-family.de\/?page_id=544"},"modified":"2016-08-06T22:14:08","modified_gmt":"2016-08-06T22:14:08","slug":"medien","status":"publish","type":"page","link":"http:\/\/soccer-family.de\/?page_id=544","title":{"rendered":"Medien"},"content":{"rendered":"<p>In diesem Bereich dokumentieren wir nicht nur unsere Projekte und unsere Veranstaltungen. Wir ver\u00f6ffentlichen auch interessante Beitr\u00e4ge rund um den Fu\u00dfball. Daf\u00fcr haben wir unter &#8222;Medien&#8220; die Teilbereiche &#8222;Bilder&#8220; und &#8222;Videos&#8220; eingerichtet.<\/p>\n<p>Viel Vergn\u00fcgen beim Lesen und Anschauen!<\/p>\n<p>Ihr \/ Euer Soccer-Family-Team<\/p>\n","protected":false},"excerpt":{"rendered":"<p>In diesem Bereich dokumentieren wir nicht nur unsere Projekte und unsere Veranstaltungen. Wir ver\u00f6ffentlichen auch interessante Beitr\u00e4ge rund um den Fu\u00dfball. Daf\u00fcr haben wir unter &#8222;Medien&#8220; die Teilbereiche &#8222;Bilder&#8220; und &#8222;Videos&#8220; eingerichtet. Viel Vergn\u00fcgen beim Lesen und Anschauen! Ihr \/ Euer Soccer-Family-Team<\/p>\n","protected":false},"author":1,"featured_media":0,"parent":0,"menu_order":0,"comment_status":"closed","ping_status":"closed","template":"","meta":{"footnotes":""},"class_list":["post-544","page","type-page","status-publish","hentry"],"_links":{"self":[{"href":"http:\/\/soccer-family.de\/index.php?rest_route=\/wp\/v2\/pages\/544","targetHints":{"allow":["GET"]}}],"collection":[{"href":"http:\/\/soccer-family.de\/index.php?rest_route=\/wp\/v2\/pages"}],"about":[{"href":"http:\/\/soccer-family.de\/index.php?rest_route=\/wp\/v2\/types\/page"}],"author":[{"embeddable":true,"href":"http:\/\/soccer-family.de\/index.php?rest_route=\/wp\/v2\/users\/1"}],"replies":[{"embeddable":true,"href":"http:\/\/soccer-family.de\/index.php?rest_route=%2Fwp%2Fv2%2Fcomments&post=544"}],"version-history":[{"count":3,"href":"http:\/\/soccer-family.de\/index.php?rest_route=\/wp\/v2\/pages\/544\/revisions"}],"predecessor-version":[{"id":557,"href":"http:\/\/soccer-family.de\/index.php?rest_route=\/wp\/v2\/pages\/544\/revisions\/557"}],"wp:attachment":[{"href":"http:\/\/soccer-family.de\/index.php?rest_route=%2Fwp%2Fv2%2Fmedia&parent=544"}],"curies":[{"name":"wp","href":"https:\/\/api.w.org\/{rel}","templated":true}]}}