{"id":43,"date":"2016-01-13T02:20:46","date_gmt":"2016-01-13T02:20:46","guid":{"rendered":"http:\/\/soccer-family.de\/?page_id=43"},"modified":"2019-12-04T08:57:44","modified_gmt":"2019-12-04T08:57:44","slug":"partner","status":"publish","type":"page","link":"http:\/\/soccer-family.de\/?page_id=43","title":{"rendered":"Partner"},"content":{"rendered":"<p style=\"text-align: left;\">Die Soccer Family \/ <a href=\"http:\/\/www.fr-management.de\">FR Management<\/a> kooperiert mit Vereinen aus der Region. Unser Ziel ist es, Vereine aus dem Amateurbereich mit ausschlie\u00dflich ehrenamtlichen Strukturen, mit unserer Erfahrung und unserem Sachverstand professionell und individuell zu unterst\u00fctzen.<\/p>\n<p style=\"text-align: left;\">Weitere Partner aus den verschiedensten Bereichen des Fu\u00dfballs unterst\u00fctzen uns mit ihrer Kompetenz und helfen uns dabei, unsere Qualit\u00e4t stetig zu verbessern.<\/p>\n<p style=\"text-align: left;\">Wir erfinden die Fu\u00dfballschule nicht neu. Unsere Fu\u00dfball-Kompetenz setzen wir aber vor allem auch f\u00fcr unsere Sozialpartner und deren nachhaltige Projekte ein.<\/p>\n<p><a href=\"http:\/\/www.spvggunterhaching.de\" target=\"_blank\"><img loading=\"lazy\" decoding=\"async\" class=\"alignnone wp-image-51\" src=\"http:\/\/soccer-family.de\/wp-content\/uploads\/2016\/01\/logo.png\" alt=\"logo\" width=\"125\" height=\"125\" srcset=\"http:\/\/soccer-family.de\/wp-content\/uploads\/2016\/01\/logo.png 200w, http:\/\/soccer-family.de\/wp-content\/uploads\/2016\/01\/logo-150x150.png 150w\" sizes=\"auto, (max-width: 125px) 100vw, 125px\" \/><\/a>\u00a0 \u00a0\u00a0\u00a0\u00a0 \u00a0 \u00a0\u00a0<img loading=\"lazy\" decoding=\"async\" class=\"alignnone wp-image-944 \" src=\"http:\/\/soccer-family.de\/wp-content\/uploads\/2016\/01\/Logo-ASV-Kiefersfelden.png\" alt=\"\" width=\"82\" height=\"141\" \/> \u00a0\u00a0 <a href=\"http:\/\/buntkicktgut.de\/\"><img loading=\"lazy\" decoding=\"async\" class=\"wp-image-685 size-medium alignnone\" src=\"http:\/\/soccer-family.de\/wp-content\/uploads\/2016\/01\/bkg-300x136.png\" alt=\"bkg\" width=\"300\" height=\"136\" srcset=\"http:\/\/soccer-family.de\/wp-content\/uploads\/2016\/01\/bkg-300x136.png 300w, http:\/\/soccer-family.de\/wp-content\/uploads\/2016\/01\/bkg.png 334w\" sizes=\"auto, (max-width: 300px) 100vw, 300px\" \/><\/a><\/p>\n<hr \/>\n<p>Wir bedanken uns bei unseren Sponsoren:<\/p>\n<p><a href=\"http:\/\/www.phoenixbad.de\/\" target=\"_blank\"><img loading=\"lazy\" decoding=\"async\" class=\"alignnone wp-image-181\" src=\"http:\/\/soccer-family.de\/wp-content\/uploads\/2016\/01\/Logo_Phoenixbad_hell-300x102.jpg\" alt=\"Logo_Phoenixbad_hell\" width=\"328\" height=\"119\" \/><\/a><a href=\"http:\/\/www.novareisen.de\/\" target=\"_blank\"><img loading=\"lazy\" decoding=\"async\" class=\"wp-image-180 alignnone\" src=\"http:\/\/soccer-family.de\/wp-content\/uploads\/2016\/01\/nova_reisen.jpg\" alt=\"nova_reisen\" width=\"188\" height=\"126\" \/><\/a><\/p>\n<p><a href=\"http:\/\/www.ots-reifenservic.de\/\"><img loading=\"lazy\" decoding=\"async\" class=\"alignnone wp-image-662 size-medium\" src=\"http:\/\/soccer-family.de\/wp-content\/uploads\/2016\/01\/OTS-sponsorLogo-300x88.png\" alt=\"OTS - sponsorLogo\" width=\"300\" height=\"88\" srcset=\"http:\/\/soccer-family.de\/wp-content\/uploads\/2016\/01\/OTS-sponsorLogo-300x88.png 300w, http:\/\/soccer-family.de\/wp-content\/uploads\/2016\/01\/OTS-sponsorLogo-768x226.png 768w, http:\/\/soccer-family.de\/wp-content\/uploads\/2016\/01\/OTS-sponsorLogo-1024x301.png 1024w\" sizes=\"auto, (max-width: 300px) 100vw, 300px\" \/><img loading=\"lazy\" decoding=\"async\" class=\"alignnone wp-image-813\" src=\"http:\/\/soccer-family.de\/wp-content\/uploads\/2016\/01\/Unbenannt-300x192.png\" alt=\"Unbenannt\" width=\"155\" height=\"103\" \/><\/a><\/p>\n<p><img loading=\"lazy\" decoding=\"async\" class=\"\" src=\"http:\/\/fr-management.de\/wp-content\/uploads\/2015\/11\/cropped-logoneu.jpg\" alt=\"cropped-logoneu.jpg\" width=\"553\" height=\"85\" \/><\/p>\n<p>&nbsp;<\/p>\n<p>&nbsp;<\/p>\n<p>&nbsp;<\/p>\n","protected":false},"excerpt":{"rendered":"<p>Die Soccer Family \/ FR Management kooperiert mit Vereinen aus der Region. Unser Ziel ist es, Vereine aus dem Amateurbereich mit ausschlie\u00dflich ehrenamtlichen Strukturen, mit unserer Erfahrung und unserem Sachverstand professionell und individuell zu unterst\u00fctzen. Weitere Partner aus den verschiedensten Bereichen des Fu\u00dfballs unterst\u00fctzen uns mit ihrer Kompetenz und helfen&#8230;<\/p>\n","protected":false},"author":1,"featured_media":0,"parent":0,"menu_order":0,"comment_status":"closed","ping_status":"closed","template":"","meta":{"footnotes":""},"class_list":["post-43","page","type-page","status-publish","hentry"],"_links":{"self":[{"href":"http:\/\/soccer-family.de\/index.php?rest_route=\/wp\/v2\/pages\/43","targetHints":{"allow":["GET"]}}],"collection":[{"href":"http:\/\/soccer-family.de\/index.php?rest_route=\/wp\/v2\/pages"}],"about":[{"href":"http:\/\/soccer-family.de\/index.php?rest_route=\/wp\/v2\/types\/page"}],"author":[{"embeddable":true,"href":"http:\/\/soccer-family.de\/index.php?rest_route=\/wp\/v2\/users\/1"}],"replies":[{"embeddable":true,"href":"http:\/\/soccer-family.de\/index.php?rest_route=%2Fwp%2Fv2%2Fcomments&post=43"}],"version-history":[{"count":46,"href":"http:\/\/soccer-family.de\/index.php?rest_route=\/wp\/v2\/pages\/43\/revisions"}],"predecessor-version":[{"id":952,"href":"http:\/\/soccer-family.de\/index.php?rest_route=\/wp\/v2\/pages\/43\/revisions\/952"}],"wp:attachment":[{"href":"http:\/\/soccer-family.de\/index.php?rest_route=%2Fwp%2Fv2%2Fmedia&parent=43"}],"curies":[{"name":"wp","href":"https:\/\/api.w.org\/{rel}","templated":true}]}}