{"id":4,"date":"2016-01-07T18:28:37","date_gmt":"2016-01-07T18:28:37","guid":{"rendered":"http:\/\/soccer-family.de\/?page_id=4"},"modified":"2019-12-04T08:51:01","modified_gmt":"2019-12-04T08:51:01","slug":"home","status":"publish","type":"page","link":"http:\/\/soccer-family.de\/","title":{"rendered":"Home"},"content":{"rendered":"<p>Herzlich Willkommen auf der Homepage der &#8222;SOCCER FAMILY &#8211; Die Fu\u00dfballfamilie&#8220;!<\/p>\n<p>&#8222;Trainieren mit Profis&#8220; &#8211; unter diesem Motto startete ich die &#8222;SOCCER FAMILY-Die Fu\u00dfballfamilie&#8220; im Januar 2016 . Die\u00a0alters- und leistungsgerechten Programme richten sich an Kinder und Jugendliche zwischen 4 und 14 Jahren, an Fu\u00dfballvereine und an Fu\u00dfballtrainer.<\/p>\n<p>Ich bin Florian Rensch und komme aus der professionellen Nachwuchsf\u00f6rderung. Insgesamt 18 Jahre habe ich im Kinder- und Jugendleistungsfussball sowie im Amateurfussball als Trainer gearbeitet. Erfahrene Jugendtrainer, die zum Teil immer noch Jugendmannschaften auf Topniveau trainieren und ehemalige, bzw. noch aktive Profispieler sind Bestandteil meines Netzwerks, das sich f\u00fcr die Soccer Family und ihre Projekte mit einsetzt. Soziales Engagement in Kooperationen und Projekten lebendig werden zu lassen ist ein weiteres Anliegen der SOCCER FAMILY und meiner Agentur <a href=\"http:\/\/www.fr-management.de\">FR Management<\/a>.<\/p>\n<p>Mit meiner Agentur <a href=\"http:\/\/www.fr-management.de\">FR Management<\/a> berate ich seit Jahren Fu\u00dfballamateurvereine mit den Schwerpunkten &#8222;Vereinskonzept&#8220; und &#8222;Trainerfortbildung&#8220;. Die positive Resonanz best\u00e4rkt mich auf meinem ganz eigenen Weg, das Thema Fu\u00dfball mit einem auf Nachhaltigkeit ausgerichteten Ansatz anzugehen. Gerne k\u00f6nne Sie sich unter www.fr-management.de informieren oder mir unter <a href=\"mailto:info@soccer-family.de\">info@soccer-family.de<\/a> schreiben, wenn ich Ihr Interesse an meinen Angeboten geweckt habe.<\/p>\n<p>Ich bedanke mich an dieser Stelle auch ganz herzlich bei den Sponsoren der SOCCER FAMILY:<\/p>\n<p><a href=\"http:\/\/www.phoenixbad.de\/\"><img loading=\"lazy\" decoding=\"async\" class=\"alignnone wp-image-181\" src=\"http:\/\/soccer-family.de\/wp-content\/uploads\/2016\/01\/Logo_Phoenixbad_hell-300x102.jpg\" alt=\"Logo_Phoenixbad_hell\" width=\"338\" height=\"122\" \/><\/a><a href=\"http:\/\/www.novareisen.de\/\" target=\"_blank\"><img loading=\"lazy\" decoding=\"async\" class=\"wp-image-180 alignnone\" src=\"http:\/\/soccer-family.de\/wp-content\/uploads\/2016\/01\/nova_reisen.jpg\" alt=\"nova_reisen\" width=\"178\" height=\"119\" \/><\/a><a href=\"http:\/\/ots-reifenservice.de\/\"><img loading=\"lazy\" decoding=\"async\" class=\"alignnone wp-image-662 size-medium\" src=\"http:\/\/soccer-family.de\/wp-content\/uploads\/2016\/01\/OTS-sponsorLogo-300x88.png\" alt=\"OTS - sponsorLogo\" width=\"300\" height=\"88\" srcset=\"http:\/\/soccer-family.de\/wp-content\/uploads\/2016\/01\/OTS-sponsorLogo-300x88.png 300w, http:\/\/soccer-family.de\/wp-content\/uploads\/2016\/01\/OTS-sponsorLogo-768x226.png 768w, http:\/\/soccer-family.de\/wp-content\/uploads\/2016\/01\/OTS-sponsorLogo-1024x301.png 1024w\" sizes=\"auto, (max-width: 300px) 100vw, 300px\" \/><\/a><a href=\"http:\/\/www.werbezeichen.de\/\"><img loading=\"lazy\" decoding=\"async\" class=\"alignnone wp-image-813\" src=\"http:\/\/soccer-family.de\/wp-content\/uploads\/2016\/01\/Unbenannt-300x192.png\" alt=\"Unbenannt\" width=\"140\" height=\"93\" \/><\/a><a href=\"http:\/\/www.elterngeldberatung-bayern.de\/\" target=\"_blank\"><img loading=\"lazy\" decoding=\"async\" class=\"alignnone wp-image-815\" src=\"http:\/\/soccer-family.de\/wp-content\/uploads\/2016\/01\/Logo-Finalversion-blau.png\" alt=\"Logo-Finalversion-blau\" width=\"90\" height=\"90\" srcset=\"http:\/\/soccer-family.de\/wp-content\/uploads\/2016\/01\/Logo-Finalversion-blau.png 265w, http:\/\/soccer-family.de\/wp-content\/uploads\/2016\/01\/Logo-Finalversion-blau-150x150.png 150w, http:\/\/soccer-family.de\/wp-content\/uploads\/2016\/01\/Logo-Finalversion-blau-180x180.png 180w\" sizes=\"auto, (max-width: 90px) 100vw, 90px\" \/><\/a><\/p>\n<p><a href=\"http:\/\/www.elterngeldberatung-bayern.de\/\" target=\"_blank\">\u00a0\u00a0 <\/a><\/p>\n<p><a href=\"http:\/\/www.fr-management.de\" target=\"_blank\"><img loading=\"lazy\" decoding=\"async\" class=\"wp-image-19 aligncenter\" src=\"http:\/\/fr-management.de\/wp-content\/uploads\/2015\/11\/cropped-logoneu.jpg\" alt=\"cropped-logoneu.jpg\" width=\"1004\" height=\"154\" \/><\/a><\/p>\n<p>&nbsp;<\/p>\n","protected":false},"excerpt":{"rendered":"<p>Herzlich Willkommen auf der Homepage der &#8222;SOCCER FAMILY &#8211; Die Fu\u00dfballfamilie&#8220;! &#8222;Trainieren mit Profis&#8220; &#8211; unter diesem Motto startete ich die &#8222;SOCCER FAMILY-Die Fu\u00dfballfamilie&#8220; im Januar 2016 . Die\u00a0alters- und leistungsgerechten Programme richten sich an Kinder und Jugendliche zwischen 4 und 14 Jahren, an Fu\u00dfballvereine und an Fu\u00dfballtrainer. Ich bin&#8230;<\/p>\n","protected":false},"author":1,"featured_media":0,"parent":0,"menu_order":0,"comment_status":"closed","ping_status":"closed","template":"","meta":{"footnotes":""},"class_list":["post-4","page","type-page","status-publish","hentry"],"_links":{"self":[{"href":"http:\/\/soccer-family.de\/index.php?rest_route=\/wp\/v2\/pages\/4","targetHints":{"allow":["GET"]}}],"collection":[{"href":"http:\/\/soccer-family.de\/index.php?rest_route=\/wp\/v2\/pages"}],"about":[{"href":"http:\/\/soccer-family.de\/index.php?rest_route=\/wp\/v2\/types\/page"}],"author":[{"embeddable":true,"href":"http:\/\/soccer-family.de\/index.php?rest_route=\/wp\/v2\/users\/1"}],"replies":[{"embeddable":true,"href":"http:\/\/soccer-family.de\/index.php?rest_route=%2Fwp%2Fv2%2Fcomments&post=4"}],"version-history":[{"count":49,"href":"http:\/\/soccer-family.de\/index.php?rest_route=\/wp\/v2\/pages\/4\/revisions"}],"predecessor-version":[{"id":950,"href":"http:\/\/soccer-family.de\/index.php?rest_route=\/wp\/v2\/pages\/4\/revisions\/950"}],"wp:attachment":[{"href":"http:\/\/soccer-family.de\/index.php?rest_route=%2Fwp%2Fv2%2Fmedia&parent=4"}],"curies":[{"name":"wp","href":"https:\/\/api.w.org\/{rel}","templated":true}]}}