{"id":191,"date":"2016-01-23T12:51:53","date_gmt":"2016-01-23T12:51:53","guid":{"rendered":"http:\/\/soccer-family.de\/?page_id=191"},"modified":"2019-12-04T09:02:02","modified_gmt":"2019-12-04T09:02:02","slug":"termine","status":"publish","type":"page","link":"http:\/\/soccer-family.de\/?page_id=191","title":{"rendered":"Termine"},"content":{"rendered":"<p>Auch 2020 sind wir wieder mit dem <strong>SOCCER FAMILY-Fu\u00dfballcamp<\/strong> in Kiefersfelden.<\/p>\n<hr \/>\n<p>&nbsp;<\/p>\n<h2><strong><img loading=\"lazy\" decoding=\"async\" class=\"alignnone wp-image-944\" src=\"http:\/\/soccer-family.de\/wp-content\/uploads\/2016\/01\/Logo-ASV-Kiefersfelden.png\" alt=\"Logo ASV Kiefersfelden\" width=\"88\" height=\"152\" \/><\/strong><\/h2>\n<h2><strong>ASV Kiefersfelden<\/strong><\/h2>\n<p><img loading=\"lazy\" decoding=\"async\" class=\"alignnone wp-image-945 \" src=\"http:\/\/soccer-family.de\/wp-content\/uploads\/2016\/01\/DSC_0691-300x200.jpg\" alt=\"\" width=\"426\" height=\"288\" \/><\/p>\n<p><em><strong>Sommercamp vom 27.07. bis 31.07.2020<\/strong><\/em><\/p>\n<p>Sportanlage des ASV Kiefersfelden, Kufsteiner Sta\u00dfe<strong>,\u00a0<\/strong>83088 Kiefersfelden<br \/>\nt\u00e4glich 10.00 bis 16.00 Uhr &#8211; ohne \u00dcbernachtung<\/p>\n<p><strong><a href=\"http:\/\/www.spvggunterhaching.de\/junioren\/nlz\/news\/\">\u00bb <\/a><a href=\"http:\/\/soccer-family.de\/?product=sommercamp-beim-asv-kiefersfelden\">Hier geht es zur Anmeldung<\/a>\u00a0<\/strong><br \/>\n<strong><br \/>\n<\/strong><\/p>\n<p>&nbsp;<\/p>\n<hr \/>\n<p>F\u00fcr alle Fu\u00dfballcamps der Soccer Family gilt: Bei Nichterreichung der Mindestteilnehmer in H\u00f6he von 20 Kindern und Jugendlichen kann das Fu\u00dfballcamp vom Veranstalter abgesagt werden.<\/p>\n<hr \/>\n<p>&nbsp;<\/p>\n<p><a href=\"http:\/\/www.phoenixbad.de\"><img loading=\"lazy\" decoding=\"async\" class=\"alignnone wp-image-181 \" src=\"http:\/\/soccer-family.de\/wp-content\/uploads\/2016\/01\/Logo_Phoenixbad_hell-300x102.jpg\" alt=\"Logo_Phoenixbad_hell\" width=\"272\" height=\"100\" \/><\/a><a href=\"http:\/\/www.novareisen.de\"><img loading=\"lazy\" decoding=\"async\" class=\"alignnone wp-image-180 \" src=\"http:\/\/soccer-family.de\/wp-content\/uploads\/2016\/01\/nova_reisen.jpg\" alt=\"nova_reisen\" width=\"126\" height=\"85\" \/><\/a><a href=\"http:\/\/www.ots-reifenservice.de\/\"><img loading=\"lazy\" decoding=\"async\" class=\"alignnone wp-image-662 \" src=\"http:\/\/soccer-family.de\/wp-content\/uploads\/2016\/01\/OTS-sponsorLogo-300x88.png\" alt=\"OTS - sponsorLogo\" width=\"287\" height=\"92\" \/><\/a><a href=\"http:\/\/www.werbezeichen.de\"><img loading=\"lazy\" decoding=\"async\" class=\"alignnone wp-image-813\" src=\"http:\/\/soccer-family.de\/wp-content\/uploads\/2016\/01\/Unbenannt-300x192.png\" alt=\"Unbenannt\" width=\"151\" height=\"100\" \/><\/a><\/p>\n<p>&nbsp;<\/p>\n","protected":false},"excerpt":{"rendered":"<p>Auch 2020 sind wir wieder mit dem SOCCER FAMILY-Fu\u00dfballcamp in Kiefersfelden. &nbsp; ASV Kiefersfelden Sommercamp vom 27.07. bis 31.07.2020 Sportanlage des ASV Kiefersfelden, Kufsteiner Sta\u00dfe,\u00a083088 Kiefersfelden t\u00e4glich 10.00 bis 16.00 Uhr &#8211; ohne \u00dcbernachtung \u00bb Hier geht es zur Anmeldung\u00a0 &nbsp; F\u00fcr alle Fu\u00dfballcamps der Soccer Family gilt: Bei Nichterreichung&#8230;<\/p>\n","protected":false},"author":1,"featured_media":0,"parent":0,"menu_order":0,"comment_status":"closed","ping_status":"closed","template":"","meta":{"footnotes":""},"class_list":["post-191","page","type-page","status-publish","hentry"],"_links":{"self":[{"href":"http:\/\/soccer-family.de\/index.php?rest_route=\/wp\/v2\/pages\/191","targetHints":{"allow":["GET"]}}],"collection":[{"href":"http:\/\/soccer-family.de\/index.php?rest_route=\/wp\/v2\/pages"}],"about":[{"href":"http:\/\/soccer-family.de\/index.php?rest_route=\/wp\/v2\/types\/page"}],"author":[{"embeddable":true,"href":"http:\/\/soccer-family.de\/index.php?rest_route=\/wp\/v2\/users\/1"}],"replies":[{"embeddable":true,"href":"http:\/\/soccer-family.de\/index.php?rest_route=%2Fwp%2Fv2%2Fcomments&post=191"}],"version-history":[{"count":79,"href":"http:\/\/soccer-family.de\/index.php?rest_route=\/wp\/v2\/pages\/191\/revisions"}],"predecessor-version":[{"id":957,"href":"http:\/\/soccer-family.de\/index.php?rest_route=\/wp\/v2\/pages\/191\/revisions\/957"}],"wp:attachment":[{"href":"http:\/\/soccer-family.de\/index.php?rest_route=%2Fwp%2Fv2%2Fmedia&parent=191"}],"curies":[{"name":"wp","href":"https:\/\/api.w.org\/{rel}","templated":true}]}}