{"id":135,"date":"2016-01-15T12:12:04","date_gmt":"2016-01-15T12:12:04","guid":{"rendered":"http:\/\/soccer-family.de\/?page_id=135"},"modified":"2019-12-04T08:59:31","modified_gmt":"2019-12-04T08:59:31","slug":"kontakt","status":"publish","type":"page","link":"http:\/\/soccer-family.de\/?page_id=135","title":{"rendered":"Kontakt"},"content":{"rendered":"<p>F\u00fcr weitere Fragen zu unseren Fu\u00dfballprojekten k\u00f6nnen Sie uns gerne kontaktieren:<\/p>\n<p>Florian Re<a href=\"mailto:info@soccer-family.de\" target=\"_blank\"><img loading=\"lazy\" decoding=\"async\" class=\"wp-image-42 alignleft\" src=\"http:\/\/soccer-family.de\/wp-content\/uploads\/2016\/01\/9597370_350x350-300x300.png\" alt=\"9597370_350x350\" width=\"73\" height=\"73\" srcset=\"http:\/\/soccer-family.de\/wp-content\/uploads\/2016\/01\/9597370_350x350-300x300.png 300w, http:\/\/soccer-family.de\/wp-content\/uploads\/2016\/01\/9597370_350x350-150x150.png 150w, http:\/\/soccer-family.de\/wp-content\/uploads\/2016\/01\/9597370_350x350.png 350w\" sizes=\"auto, (max-width: 73px) 100vw, 73px\" \/><\/a>nsch<br \/>\nSOCCER FAMILY &#8211; &#8222;Die Fu\u00dfballfamilie&#8220; \/ FR Management<br \/>\nE-Mail: <a href=\"mailto:info@soccer-family.de\" target=\"_blank\">info@soccer-family.de<\/a><br \/>\nMobil: +49 151 470 63 584<\/p>\n<p>&nbsp;<\/p>\n<p>Ihr\/Euer Feedback ist uns wichtig. Deshalb freuen wir uns auch \u00fcber jede R\u00fcckmeldung und Anregung.<\/p>\n<p><a href=\"http:\/\/fr-management.de\/wp-content\/uploads\/2015\/11\/cropped-logoneu.jpg\"><img loading=\"lazy\" decoding=\"async\" class=\"alignleft size-full wp-image-19\" src=\"http:\/\/fr-management.de\/wp-content\/uploads\/2015\/11\/cropped-logoneu.jpg\" alt=\"cropped-logoneu.jpg\" width=\"1260\" height=\"171\" \/><\/a><\/p>\n","protected":false},"excerpt":{"rendered":"<p>F\u00fcr weitere Fragen zu unseren Fu\u00dfballprojekten k\u00f6nnen Sie uns gerne kontaktieren: Florian Rensch SOCCER FAMILY &#8211; &#8222;Die Fu\u00dfballfamilie&#8220; \/ FR Management E-Mail: info@soccer-family.de Mobil: +49 151 470 63 584 &nbsp; Ihr\/Euer Feedback ist uns wichtig. Deshalb freuen wir uns auch \u00fcber jede R\u00fcckmeldung und Anregung.<\/p>\n","protected":false},"author":1,"featured_media":0,"parent":0,"menu_order":0,"comment_status":"closed","ping_status":"closed","template":"","meta":{"footnotes":""},"class_list":["post-135","page","type-page","status-publish","hentry"],"_links":{"self":[{"href":"http:\/\/soccer-family.de\/index.php?rest_route=\/wp\/v2\/pages\/135","targetHints":{"allow":["GET"]}}],"collection":[{"href":"http:\/\/soccer-family.de\/index.php?rest_route=\/wp\/v2\/pages"}],"about":[{"href":"http:\/\/soccer-family.de\/index.php?rest_route=\/wp\/v2\/types\/page"}],"author":[{"embeddable":true,"href":"http:\/\/soccer-family.de\/index.php?rest_route=\/wp\/v2\/users\/1"}],"replies":[{"embeddable":true,"href":"http:\/\/soccer-family.de\/index.php?rest_route=%2Fwp%2Fv2%2Fcomments&post=135"}],"version-history":[{"count":8,"href":"http:\/\/soccer-family.de\/index.php?rest_route=\/wp\/v2\/pages\/135\/revisions"}],"predecessor-version":[{"id":954,"href":"http:\/\/soccer-family.de\/index.php?rest_route=\/wp\/v2\/pages\/135\/revisions\/954"}],"wp:attachment":[{"href":"http:\/\/soccer-family.de\/index.php?rest_route=%2Fwp%2Fv2%2Fmedia&parent=135"}],"curies":[{"name":"wp","href":"https:\/\/api.w.org\/{rel}","templated":true}]}}