{"id":126,"date":"2016-01-15T11:58:32","date_gmt":"2016-01-15T11:58:32","guid":{"rendered":"http:\/\/soccer-family.de\/?page_id=126"},"modified":"2019-12-03T17:30:32","modified_gmt":"2019-12-03T17:30:32","slug":"news","status":"publish","type":"page","link":"http:\/\/soccer-family.de\/?page_id=126","title":{"rendered":"News"},"content":{"rendered":"<p>Ab sofort k\u00f6nnt Ihr Euch wieder f\u00fcr unser Sommercamp in Kiefersfelden anmelden. Auch 2020 veranstalten wir das Fu\u00dfballferiencamp beim ASV Kiefersfelden.<\/p>\n<p>Aktuell l\u00e4uft unsere gro\u00dfe Winteraktion der Soccer Family: Neben dem Fr\u00fchbucherrabatt schenkt Euch die Soccer Family Euren Vornamen auf der R\u00fcckseite des Soccer Family-Trikots. Bis zum 31.12.2019 ist die Beflockung Eures Vornamens f\u00fcr Euch kostenfrei und wird von uns \u00fcbernommen. Au\u00dferdem zahlt ihr einen reduzierten Preis inklusive dieser Zusatzleistung.<\/p>\n<p>Meldet Euch gleich an und profitiert von unserem Fr\u00fchbucherrabatt!<\/p>\n<p><strong><a href=\"http:\/\/www.spvggunterhaching.de\/junioren\/nlz\/news\/\">\u00bb <\/a><a href=\"http:\/\/soccer-family.de\/?page_id=191\" target=\"_blank\">Hier geht es zur Anmeldung<\/a><\/strong><\/p>\n<p><img loading=\"lazy\" decoding=\"async\" class=\"alignnone size-medium wp-image-592\" src=\"http:\/\/soccer-family.de\/wp-content\/uploads\/2017\/01\/13925467_920014221477747_5594830633237923639_o-169x300.jpg\" alt=\"13925467_920014221477747_5594830633237923639_o\" width=\"169\" height=\"300\" srcset=\"http:\/\/soccer-family.de\/wp-content\/uploads\/2017\/01\/13925467_920014221477747_5594830633237923639_o-169x300.jpg 169w, http:\/\/soccer-family.de\/wp-content\/uploads\/2017\/01\/13925467_920014221477747_5594830633237923639_o-768x1365.jpg 768w, http:\/\/soccer-family.de\/wp-content\/uploads\/2017\/01\/13925467_920014221477747_5594830633237923639_o-576x1024.jpg 576w, http:\/\/soccer-family.de\/wp-content\/uploads\/2017\/01\/13925467_920014221477747_5594830633237923639_o.jpg 1152w\" sizes=\"auto, (max-width: 169px) 100vw, 169px\" \/><img loading=\"lazy\" decoding=\"async\" class=\"alignnone wp-image-942 size-medium\" src=\"http:\/\/soccer-family.de\/wp-content\/uploads\/2016\/01\/Plakat_Final-Fu\u00dfballcamp-2020-213x300.png\" alt=\"\" width=\"213\" height=\"300\" srcset=\"http:\/\/soccer-family.de\/wp-content\/uploads\/2016\/01\/Plakat_Final-Fu\u00dfballcamp-2020-213x300.png 213w, http:\/\/soccer-family.de\/wp-content\/uploads\/2016\/01\/Plakat_Final-Fu\u00dfballcamp-2020-768x1082.png 768w, http:\/\/soccer-family.de\/wp-content\/uploads\/2016\/01\/Plakat_Final-Fu\u00dfballcamp-2020-727x1024.png 727w, http:\/\/soccer-family.de\/wp-content\/uploads\/2016\/01\/Plakat_Final-Fu\u00dfballcamp-2020.png 1241w\" sizes=\"auto, (max-width: 213px) 100vw, 213px\" \/><\/p>\n<p><img loading=\"lazy\" decoding=\"async\" class=\"alignnone wp-image-181\" src=\"http:\/\/soccer-family.de\/wp-content\/uploads\/2016\/01\/Logo_Phoenixbad_hell-300x102.jpg\" alt=\"Logo_Phoenixbad_hell\" width=\"155\" height=\"60\" \/><img loading=\"lazy\" decoding=\"async\" class=\"alignnone wp-image-180\" src=\"http:\/\/soccer-family.de\/wp-content\/uploads\/2016\/01\/nova_reisen.jpg\" alt=\"nova_reisen\" width=\"86\" height=\"60\" \/><img loading=\"lazy\" decoding=\"async\" class=\"wp-image-813 alignnone\" src=\"http:\/\/soccer-family.de\/wp-content\/uploads\/2016\/01\/Unbenannt-300x192.png\" alt=\"Unbenannt\" width=\"86\" height=\"60\" \/><img loading=\"lazy\" decoding=\"async\" class=\" wp-image-822 alignnone\" src=\"http:\/\/soccer-family.de\/wp-content\/uploads\/2016\/01\/OTS-sponsorLogo-1-300x88.png\" alt=\"OTS - sponsorLogo\" width=\"176\" height=\"60\" \/><\/p>\n<p><img loading=\"lazy\" decoding=\"async\" class=\"wp-image-19 alignnone\" src=\"http:\/\/fr-management.de\/wp-content\/uploads\/2015\/11\/cropped-logoneu.jpg\" alt=\"cropped-logoneu.jpg\" width=\"757\" height=\"116\" \/><\/p>\n<p>&nbsp;<\/p>\n<p>&nbsp;<\/p>\n<p>&nbsp;<\/p>\n<p>&nbsp;<\/p>\n<p>&nbsp;<\/p>\n","protected":false},"excerpt":{"rendered":"<p>Ab sofort k\u00f6nnt Ihr Euch wieder f\u00fcr unser Sommercamp in Kiefersfelden anmelden. Auch 2020 veranstalten wir das Fu\u00dfballferiencamp beim ASV Kiefersfelden. Aktuell l\u00e4uft unsere gro\u00dfe Winteraktion der Soccer Family: Neben dem Fr\u00fchbucherrabatt schenkt Euch die Soccer Family Euren Vornamen auf der R\u00fcckseite des Soccer Family-Trikots. Bis zum 31.12.2019 ist die&#8230;<\/p>\n","protected":false},"author":1,"featured_media":0,"parent":0,"menu_order":0,"comment_status":"closed","ping_status":"closed","template":"","meta":{"footnotes":""},"class_list":["post-126","page","type-page","status-publish","hentry"],"_links":{"self":[{"href":"http:\/\/soccer-family.de\/index.php?rest_route=\/wp\/v2\/pages\/126","targetHints":{"allow":["GET"]}}],"collection":[{"href":"http:\/\/soccer-family.de\/index.php?rest_route=\/wp\/v2\/pages"}],"about":[{"href":"http:\/\/soccer-family.de\/index.php?rest_route=\/wp\/v2\/types\/page"}],"author":[{"embeddable":true,"href":"http:\/\/soccer-family.de\/index.php?rest_route=\/wp\/v2\/users\/1"}],"replies":[{"embeddable":true,"href":"http:\/\/soccer-family.de\/index.php?rest_route=%2Fwp%2Fv2%2Fcomments&post=126"}],"version-history":[{"count":64,"href":"http:\/\/soccer-family.de\/index.php?rest_route=\/wp\/v2\/pages\/126\/revisions"}],"predecessor-version":[{"id":943,"href":"http:\/\/soccer-family.de\/index.php?rest_route=\/wp\/v2\/pages\/126\/revisions\/943"}],"wp:attachment":[{"href":"http:\/\/soccer-family.de\/index.php?rest_route=%2Fwp%2Fv2%2Fmedia&parent=126"}],"curies":[{"name":"wp","href":"https:\/\/api.w.org\/{rel}","templated":true}]}}